{"id":258,"date":"2025-11-02T14:17:28","date_gmt":"2025-11-02T14:17:28","guid":{"rendered":"https:\/\/boris.adamczewski.apps.math.cnrs.fr\/?page_id=258"},"modified":"2026-01-03T10:16:30","modified_gmt":"2026-01-03T10:16:30","slug":"phd-students","status":"publish","type":"page","link":"https:\/\/boris-adamczewski.perso.math.cnrs.fr\/?page_id=258","title":{"rendered":"PhD students"},"content":{"rendered":"\n<figure class=\"wp-block-image size-large is-resized\"><img loading=\"lazy\" decoding=\"async\" width=\"1024\" height=\"771\" src=\"https:\/\/boris.adamczewski.apps.math.cnrs.fr\/wp-content\/uploads\/2025\/11\/010241-1024x771.jpg\" alt=\"\" class=\"wp-image-301\" style=\"aspect-ratio:1.3281569434132134;width:247px;height:auto\" srcset=\"https:\/\/boris-adamczewski.perso.math.cnrs.fr\/wp-content\/uploads\/2025\/11\/010241-1024x771.jpg 1024w, https:\/\/boris-adamczewski.perso.math.cnrs.fr\/wp-content\/uploads\/2025\/11\/010241-300x226.jpg 300w, https:\/\/boris-adamczewski.perso.math.cnrs.fr\/wp-content\/uploads\/2025\/11\/010241-768x578.jpg 768w, https:\/\/boris-adamczewski.perso.math.cnrs.fr\/wp-content\/uploads\/2025\/11\/010241.jpg 1090w\" sizes=\"auto, (max-width: 1024px) 100vw, 1024px\" \/><\/figure>\n\n\n\n<p class=\"has-medium-font-size\"><strong>Quang-Khai Nguyen<\/strong><br>Co-advised with <a href=\"https:\/\/perso.pages.math.cnrs.fr\/users\/charles.favre\/\">Charles Favre<\/a><br>starting in 2024<\/p>\n\n\n\n<hr class=\"wp-block-separator has-alpha-channel-opacity\"\/>\n\n\n\n<p class=\"has-medium-font-size\"><strong>Enzo Brechler<\/strong><br>starting in 2024<\/p>\n\n\n\n<hr class=\"wp-block-separator has-alpha-channel-opacity\"\/>\n\n\n\n<p class=\"has-medium-font-size\"><strong><a href=\"https:\/\/sites.google.com\/view\/danielvargasmath\/home\">Daniel Vargas-Montoya<\/a><\/strong><br><em><a href=\"https:\/\/drive.google.com\/file\/d\/1J0Y9U_I-WeLuaqpRL7pU2IlBYU9aVW80\/view\">Alg\u00e9bricit\u00e9 modulo p et structure de Frobenius forte<\/a><\/em><br>Co-advised with <a href=\"https:\/\/sites.google.com\/site\/ericdelaygue\/\">Eric Delaygue<\/a><br>Universit\u00e9 Claude Bernard Lyon 1 2021<\/p>\n\n\n\n<hr class=\"wp-block-separator has-alpha-channel-opacity\"\/>\n\n\n\n<p class=\"has-medium-font-size\"><strong><a href=\"https:\/\/faverjon.perso.math.cnrs.fr\">Colin Faverjon<\/a><\/strong> &nbsp;<br><em><a href=\"https:\/\/theses.hal.science\/tel-03445819\">Contribution \u00e0 la m\u00e9thode de Mahler : \u00e9quations lin\u00e9aires et automates finis<\/a><\/em><br>Universit\u00e9 Claude Bernard Lyon 1&nbsp;2020<\/p>\n\n\n\n<hr class=\"wp-block-separator has-alpha-channel-opacity\"\/>\n\n\n\n<p class=\"has-medium-font-size\"><strong><a href=\"http:\/\/fernandes.perso.math.cnrs.fr\">Gwladys Fernandes<\/a><\/strong><br><em><a href=\"https:\/\/theses.hal.science\/tel-02386667\">M\u00e9thode de Mahler en caract\u00e9ristique non nulle<\/a><\/em><br>Universit\u00e9 Claude Bernard Lyon 1 2019<\/p>\n\n\n\n<hr class=\"wp-block-separator has-alpha-channel-opacity\"\/>\n\n\n\n<p class=\"has-medium-font-size\"><strong>Ca\u00efus Wojcik<\/strong><br><em><a href=\"https:\/\/theses.hal.science\/tel-03167970\/file\/TH2019WOJCIKCAIUS.pdf\">Factorisations des mots de basse complexit\u00e9<\/a><\/em><br>Co-advised with <a href=\"https:\/\/scholar.google.com\/citations?user=vP7iY3gAAAAJ&amp;hl=en\">Luca Zamboni<\/a><br>Universit\u00e9 Claude Bernard Lyon 1 2019<\/p>\n\n\n\n<hr class=\"wp-block-separator has-alpha-channel-opacity\"\/>\n\n\n\n<p class=\"has-medium-font-size\"><strong>Alina Firicel<\/strong><br><em><a href=\"https:\/\/theses.hal.science\/tel-00825191\">Quelques contributions \u00e0 l\u2019\u00e9tude des s\u00e9ries formelles \u00e0 coefficients dans un corps fini<\/a><\/em><br>Universit\u00e9 Claude Bernard Lyon 1 2010<\/p>\n","protected":false},"excerpt":{"rendered":"<p>Quang-Khai NguyenCo-advised with Charles Favrestarting in 2024 Enzo Brechlerstarting in 2024 Daniel Vargas-MontoyaAlg\u00e9bricit\u00e9 modulo p et structure de Frobenius forteCo-advised with Eric DelaygueUniversit\u00e9 Claude Bernard Lyon 1 2021 Colin Faverjon &nbsp;Contribution \u00e0 la m\u00e9thode de Mahler : \u00e9quations lin\u00e9aires et automates finisUniversit\u00e9 Claude Bernard Lyon 1&nbsp;2020 Gwladys FernandesM\u00e9thode de Mahler en caract\u00e9ristique non nulleUniversit\u00e9 Claude [&hellip;]<\/p>\n","protected":false},"author":1,"featured_media":0,"parent":0,"menu_order":0,"comment_status":"closed","ping_status":"closed","template":"","meta":{"footnotes":""},"class_list":["post-258","page","type-page","status-publish","hentry"],"_links":{"self":[{"href":"https:\/\/boris-adamczewski.perso.math.cnrs.fr\/index.php?rest_route=\/wp\/v2\/pages\/258","targetHints":{"allow":["GET"]}}],"collection":[{"href":"https:\/\/boris-adamczewski.perso.math.cnrs.fr\/index.php?rest_route=\/wp\/v2\/pages"}],"about":[{"href":"https:\/\/boris-adamczewski.perso.math.cnrs.fr\/index.php?rest_route=\/wp\/v2\/types\/page"}],"author":[{"embeddable":true,"href":"https:\/\/boris-adamczewski.perso.math.cnrs.fr\/index.php?rest_route=\/wp\/v2\/users\/1"}],"replies":[{"embeddable":true,"href":"https:\/\/boris-adamczewski.perso.math.cnrs.fr\/index.php?rest_route=%2Fwp%2Fv2%2Fcomments&post=258"}],"version-history":[{"count":7,"href":"https:\/\/boris-adamczewski.perso.math.cnrs.fr\/index.php?rest_route=\/wp\/v2\/pages\/258\/revisions"}],"predecessor-version":[{"id":423,"href":"https:\/\/boris-adamczewski.perso.math.cnrs.fr\/index.php?rest_route=\/wp\/v2\/pages\/258\/revisions\/423"}],"wp:attachment":[{"href":"https:\/\/boris-adamczewski.perso.math.cnrs.fr\/index.php?rest_route=%2Fwp%2Fv2%2Fmedia&parent=258"}],"curies":[{"name":"wp","href":"https:\/\/api.w.org\/{rel}","templated":true}]}}