{"id":50,"date":"2025-10-31T07:59:46","date_gmt":"2025-10-31T07:59:46","guid":{"rendered":"https:\/\/boris.adamczewski.apps.math.cnrs.fr\/?page_id=50"},"modified":"2026-01-03T09:43:43","modified_gmt":"2026-01-03T09:43:43","slug":"selected-publications","status":"publish","type":"page","link":"https:\/\/boris-adamczewski.perso.math.cnrs.fr\/?page_id=50","title":{"rendered":"Selected publications"},"content":{"rendered":"\n<figure class=\"wp-block-image size-large is-resized\"><img loading=\"lazy\" decoding=\"async\" width=\"683\" height=\"1024\" src=\"https:\/\/boris.adamczewski.apps.math.cnrs.fr\/wp-content\/uploads\/2025\/11\/homme_transcendant-683x1024.png\" alt=\"\" class=\"wp-image-141\" style=\"aspect-ratio:0.6669871360762332;width:159px;height:auto\" srcset=\"https:\/\/boris-adamczewski.perso.math.cnrs.fr\/wp-content\/uploads\/2025\/11\/homme_transcendant-683x1024.png 683w, https:\/\/boris-adamczewski.perso.math.cnrs.fr\/wp-content\/uploads\/2025\/11\/homme_transcendant-200x300.png 200w, https:\/\/boris-adamczewski.perso.math.cnrs.fr\/wp-content\/uploads\/2025\/11\/homme_transcendant-768x1152.png 768w, https:\/\/boris-adamczewski.perso.math.cnrs.fr\/wp-content\/uploads\/2025\/11\/homme_transcendant.png 1024w\" sizes=\"auto, (max-width: 683px) 100vw, 683px\" \/><\/figure>\n\n\n\n<p class=\"has-medium-font-size\"><a href=\"http:\/\/adamczewski.perso.math.cnrs.fr\/MahlerFiniteAutomata_Final.pdf\">Mahler&#8217;s method in several variables and finite automata<\/a>,\u00a0\u00a0<br>with C. Faverjon.\u00a0<br><em>Annals of Math.<\/em>, to appear, revised version 2025, 68 pp.\u00a0\u00a0<\/p>\n\n\n\n<hr class=\"wp-block-separator has-alpha-channel-opacity\"\/>\n\n\n\n<p class=\"has-medium-font-size\"><a href=\"http:\/\/adamczewski.perso.math.cnrs.fr\/MahlerFiniteAutomata_Addendum.pdf\">Addendum to Mahler&#8217;s method in several variables and finite automata<\/a>,&nbsp;&nbsp;<br>with C. Faverjon.&nbsp;<br><em>Annals of Math.<\/em>, to appear, revised version 2025, 7 pp.&nbsp;&nbsp;<\/p>\n\n\n\n<hr class=\"wp-block-separator has-alpha-channel-opacity\"\/>\n\n\n\n<p class=\"has-medium-font-size\"><a href=\"http:\/\/adamczewski.perso.math.cnrs.fr\/ADHW.pdf\">Algebraic independence and linear difference equations<\/a>,&nbsp;&nbsp;<br>with T. Dreyfus, C. Hardouin, and M. Wiber.&nbsp;<br><em>J. Eur. Math. Soc. (JEMS)<\/em>&nbsp;26 (2024), 1899-1932.<\/p>\n\n\n\n<hr class=\"wp-block-separator has-alpha-channel-opacity\"\/>\n\n\n\n<p class=\"has-medium-font-size\"><a href=\"http:\/\/adamczewski.perso.math.cnrs.fr\/Height_Gap_Theorem.pdf\">A height gap theorem for coefficients of Mahler functions<\/a>,&nbsp;&nbsp;<br>with J. Bell and D. Smertnig.&nbsp;<br><em>J. Eur. Math. Soc. (JEMS)<\/em>&nbsp;25 (2023), 2525-2571.<\/p>\n\n\n\n<hr class=\"wp-block-separator has-alpha-channel-opacity\"\/>\n\n\n\n<p class=\"has-medium-font-size\"><a href=\"http:\/\/adamczewski.perso.math.cnrs.fr\/Hypertranscendence.pdf\">Hypertranscendence and linear difference equations<\/a>,&nbsp;&nbsp;<br>with T. Dreyfus and C. Hardouin.&nbsp;<br><em>J. Amer. Math. Soc.<\/em>&nbsp;34 (2021) 475-503.<\/p>\n\n\n\n<hr class=\"wp-block-separator has-alpha-channel-opacity\"\/>\n\n\n\n<p class=\"has-medium-font-size\"><a href=\"http:\/\/adamczewski.perso.math.cnrs.fr\/ABD.pdf\">Algebraic independence of G-functions and congruences &#8220;\u00e0 la Lucas&#8221;,<\/a>&nbsp;&nbsp;<br>with J. Bell and \u00c9. Delaygue.&nbsp;<br><em>Ann. Sci. \u00c9c. Norm. Sup\u00e9r.<\/em>&nbsp;52 (2019), 515-559.<\/p>\n\n\n\n<hr class=\"wp-block-separator has-alpha-channel-opacity\"\/>\n\n\n\n<p class=\"has-medium-font-size\"><a href=\"http:\/\/adamczewski.perso.math.cnrs.fr\/Diagonales.pdf\">Diagonalization and rationalization of algebraic Laurent series<\/a>,&nbsp;<br>with J. Bell.&nbsp;<br><em>Ann. Sci. \u00c9c. Norm. Sup\u00e9r.<\/em>, 46 (2013), 963&#8211;1004.<\/p>\n\n\n\n<hr class=\"wp-block-separator has-alpha-channel-opacity\"\/>\n\n\n\n<p class=\"has-medium-font-size\"><a href=\"http:\/\/adamczewski.perso.math.cnrs.fr\/ZeroSets_Final.pdf\">On vanishing coefficients of algebraic power series over fields of positive characteristic<\/a>,&nbsp;<br>with J. Bell.&nbsp;<br><em>Invent. Math.<\/em> 187 (2012), 343&#8211;393.<\/p>\n\n\n\n<hr class=\"wp-block-separator has-alpha-channel-opacity\"\/>\n\n\n\n<p class=\"has-medium-font-size\"><a href=\"http:\/\/adamczewski.perso.math.cnrs.fr\/ComplexityI.pdf\">On the complexity of algeraic numbers I. Expansions in integer bases<\/a>,&nbsp;<br>with Y. Bugeaud.&nbsp;<br><em>Annals of Math.<\/em>&nbsp;165 (2007), 547&#8211;565.&nbsp;&nbsp;<\/p>\n\n\n\n<hr class=\"wp-block-separator has-alpha-channel-opacity\"\/>\n\n\n\n<p class=\"has-medium-font-size\"><a href=\"http:\/\/adamczewski.perso.math.cnrs.fr\/ComplexityII_final.pdf\" data-type=\"link\" data-id=\"http:\/\/adamczewski.perso.math.cnrs.fr\/ComplexityII_final.pdf\">On the complexity of algebraic numbers, II. continued fractions<\/a>,&nbsp;<br>with Y. Bugeaud.&nbsp;<br><em>Acta Math.<\/em>&nbsp;195 (2005), 1&#8211;20.<\/p>\n\n\n\n<hr class=\"wp-block-separator has-alpha-channel-opacity\"\/>\n","protected":false},"excerpt":{"rendered":"<p>Mahler&#8217;s method in several variables and finite automata,\u00a0\u00a0with C. Faverjon.\u00a0Annals of Math., to appear, revised version 2025, 68 pp.\u00a0\u00a0 Addendum to Mahler&#8217;s method in several variables and finite automata,&nbsp;&nbsp;with C. Faverjon.&nbsp;Annals of Math., to appear, revised version 2025, 7 pp.&nbsp;&nbsp; Algebraic independence and linear difference equations,&nbsp;&nbsp;with T. Dreyfus, C. Hardouin, and M. Wiber.&nbsp;J. Eur. Math. [&hellip;]<\/p>\n","protected":false},"author":1,"featured_media":0,"parent":0,"menu_order":0,"comment_status":"closed","ping_status":"closed","template":"","meta":{"footnotes":""},"class_list":["post-50","page","type-page","status-publish","hentry"],"_links":{"self":[{"href":"https:\/\/boris-adamczewski.perso.math.cnrs.fr\/index.php?rest_route=\/wp\/v2\/pages\/50","targetHints":{"allow":["GET"]}}],"collection":[{"href":"https:\/\/boris-adamczewski.perso.math.cnrs.fr\/index.php?rest_route=\/wp\/v2\/pages"}],"about":[{"href":"https:\/\/boris-adamczewski.perso.math.cnrs.fr\/index.php?rest_route=\/wp\/v2\/types\/page"}],"author":[{"embeddable":true,"href":"https:\/\/boris-adamczewski.perso.math.cnrs.fr\/index.php?rest_route=\/wp\/v2\/users\/1"}],"replies":[{"embeddable":true,"href":"https:\/\/boris-adamczewski.perso.math.cnrs.fr\/index.php?rest_route=%2Fwp%2Fv2%2Fcomments&post=50"}],"version-history":[{"count":15,"href":"https:\/\/boris-adamczewski.perso.math.cnrs.fr\/index.php?rest_route=\/wp\/v2\/pages\/50\/revisions"}],"predecessor-version":[{"id":438,"href":"https:\/\/boris-adamczewski.perso.math.cnrs.fr\/index.php?rest_route=\/wp\/v2\/pages\/50\/revisions\/438"}],"wp:attachment":[{"href":"https:\/\/boris-adamczewski.perso.math.cnrs.fr\/index.php?rest_route=%2Fwp%2Fv2%2Fmedia&parent=50"}],"curies":[{"name":"wp","href":"https:\/\/api.w.org\/{rel}","templated":true}]}}