{"id":94,"date":"2025-10-31T15:57:56","date_gmt":"2025-10-31T15:57:56","guid":{"rendered":"https:\/\/boris.adamczewski.apps.math.cnrs.fr\/?page_id=94"},"modified":"2025-12-14T21:41:59","modified_gmt":"2025-12-14T21:41:59","slug":"thesis","status":"publish","type":"page","link":"https:\/\/boris-adamczewski.perso.math.cnrs.fr\/?page_id=94","title":{"rendered":"Theses"},"content":{"rendered":"\n<figure class=\"wp-block-image size-full is-resized\"><img loading=\"lazy\" decoding=\"async\" width=\"800\" height=\"635\" src=\"https:\/\/boris.adamczewski.apps.math.cnrs.fr\/wp-content\/uploads\/2025\/11\/Automat-edward-hopper-1927.jpg\" alt=\"\" class=\"wp-image-317\" style=\"aspect-ratio:1.2598526544022206;width:193px;height:auto\" srcset=\"https:\/\/boris-adamczewski.perso.math.cnrs.fr\/wp-content\/uploads\/2025\/11\/Automat-edward-hopper-1927.jpg 800w, https:\/\/boris-adamczewski.perso.math.cnrs.fr\/wp-content\/uploads\/2025\/11\/Automat-edward-hopper-1927-300x238.jpg 300w, https:\/\/boris-adamczewski.perso.math.cnrs.fr\/wp-content\/uploads\/2025\/11\/Automat-edward-hopper-1927-768x610.jpg 768w\" sizes=\"auto, (max-width: 800px) 100vw, 800px\" \/><\/figure>\n\n\n\n<p class=\"has-medium-font-size\"><a href=\"http:\/\/adamczewski.perso.math.cnrs.fr\/MemoireHDR.pdf\">Une approche arithm\u00e9tique des syst\u00e8mes de num\u00e9ration<\/a>. <em>Habilitation \u00e0 Diriger des Recherches<\/em> (HDR), Lyon 1 University, April 2010.<\/p>\n\n\n\n<hr class=\"wp-block-separator has-alpha-channel-opacity\"\/>\n\n\n\n<p class=\"has-medium-font-size\"><a href=\"http:\/\/adamczewski.perso.math.cnrs.fr\/these.pdf\">Approche dynamique et combinatoire de la notion de discr\u00e9pance<\/a>. <em>PhD Thesis<\/em>, Aix-Marseille II University, defended at the Institut de Math\u00e9matiques de Luminy, December 2002.<\/p>\n\n\n\n<hr class=\"wp-block-separator has-alpha-channel-opacity\"\/>\n\n\n\n<p class=\"has-medium-font-size\">R\u00e9partition uniforme en dimension 1 et en dimensions sup\u00e9rieures. M\u00e9moire de D.E.A., Universit\u00e9 de Provence, June 2000.<\/p>\n\n\n\n<hr class=\"wp-block-separator has-alpha-channel-opacity\"\/>\n","protected":false},"excerpt":{"rendered":"<p>Une approche arithm\u00e9tique des syst\u00e8mes de num\u00e9ration. Habilitation \u00e0 Diriger des Recherches (HDR), Lyon 1 University, April 2010. Approche dynamique et combinatoire de la notion de discr\u00e9pance. PhD Thesis, Aix-Marseille II University, defended at the Institut de Math\u00e9matiques de Luminy, December 2002. R\u00e9partition uniforme en dimension 1 et en dimensions sup\u00e9rieures. M\u00e9moire de D.E.A., Universit\u00e9 [&hellip;]<\/p>\n","protected":false},"author":1,"featured_media":0,"parent":0,"menu_order":0,"comment_status":"closed","ping_status":"closed","template":"","meta":{"footnotes":""},"class_list":["post-94","page","type-page","status-publish","hentry"],"_links":{"self":[{"href":"https:\/\/boris-adamczewski.perso.math.cnrs.fr\/index.php?rest_route=\/wp\/v2\/pages\/94","targetHints":{"allow":["GET"]}}],"collection":[{"href":"https:\/\/boris-adamczewski.perso.math.cnrs.fr\/index.php?rest_route=\/wp\/v2\/pages"}],"about":[{"href":"https:\/\/boris-adamczewski.perso.math.cnrs.fr\/index.php?rest_route=\/wp\/v2\/types\/page"}],"author":[{"embeddable":true,"href":"https:\/\/boris-adamczewski.perso.math.cnrs.fr\/index.php?rest_route=\/wp\/v2\/users\/1"}],"replies":[{"embeddable":true,"href":"https:\/\/boris-adamczewski.perso.math.cnrs.fr\/index.php?rest_route=%2Fwp%2Fv2%2Fcomments&post=94"}],"version-history":[{"count":10,"href":"https:\/\/boris-adamczewski.perso.math.cnrs.fr\/index.php?rest_route=\/wp\/v2\/pages\/94\/revisions"}],"predecessor-version":[{"id":428,"href":"https:\/\/boris-adamczewski.perso.math.cnrs.fr\/index.php?rest_route=\/wp\/v2\/pages\/94\/revisions\/428"}],"wp:attachment":[{"href":"https:\/\/boris-adamczewski.perso.math.cnrs.fr\/index.php?rest_route=%2Fwp%2Fv2%2Fmedia&parent=94"}],"curies":[{"name":"wp","href":"https:\/\/api.w.org\/{rel}","templated":true}]}}