{"id":96,"date":"2025-10-31T15:58:09","date_gmt":"2025-10-31T15:58:09","guid":{"rendered":"https:\/\/boris.adamczewski.apps.math.cnrs.fr\/?page_id=96"},"modified":"2025-12-14T21:36:30","modified_gmt":"2025-12-14T21:36:30","slug":"unpublished-work","status":"publish","type":"page","link":"https:\/\/boris-adamczewski.perso.math.cnrs.fr\/?page_id=96","title":{"rendered":"Preprint and unpublished work"},"content":{"rendered":"\n<figure class=\"wp-block-image size-full is-resized\"><img loading=\"lazy\" decoding=\"async\" width=\"600\" height=\"443\" src=\"https:\/\/boris.adamczewski.apps.math.cnrs.fr\/wp-content\/uploads\/2025\/11\/MagritteFolie.jpg\" alt=\"\" class=\"wp-image-231\" style=\"aspect-ratio:1.354428725716343;width:195px;height:auto\" srcset=\"https:\/\/boris-adamczewski.perso.math.cnrs.fr\/wp-content\/uploads\/2025\/11\/MagritteFolie.jpg 600w, https:\/\/boris-adamczewski.perso.math.cnrs.fr\/wp-content\/uploads\/2025\/11\/MagritteFolie-300x222.jpg 300w\" sizes=\"auto, (max-width: 600px) 100vw, 600px\" \/><\/figure>\n\n\n\n<p class=\"has-medium-font-size\"><a href=\"http:\/\/adamczewski.perso.math.cnrs.fr\/Mesures_E_et_M.pdf\">Algebraic independence measures for values of E-functions and M-functions<\/a>,&nbsp;&nbsp;<br>with C. Faverjon.&nbsp;<br>Preprint 2025, arXiv:2502.09999 [math.NT], 30 pp.&nbsp;<\/p>\n\n\n\n<hr class=\"wp-block-separator has-alpha-channel-opacity\"\/>\n\n\n\n<p class=\"has-medium-font-size\"><a href=\"https:\/\/arxiv.org\/pdf\/2306.02640\">A sharper multivariate Christol theorem with applications to diagonals and Hadamard products<\/a>,&nbsp;<br>with A. Bostan and X. Caruso.&nbsp;<br>Preprint 2023, arXiv:2306.02640 [math.NT], 33 pp.<\/p>\n\n\n\n<p class=\"has-medium-font-size\">A shorter version has been submitted for publication.<\/p>\n\n\n\n<hr class=\"wp-block-separator has-alpha-channel-opacity\"\/>\n\n\n\n<p class=\"has-medium-font-size\"><a href=\"https:\/\/arxiv.org\/abs\/1603.04187\">Algebraic independence of G-functions and congruences &#8220;\u00e0 la Lucas&#8221;<\/a>,&nbsp;<br>with J. Bell and \u00c9. Delaygue.&nbsp;<br>Preprint 2016, arXiv:1603.04187[Math:NT]&nbsp;<\/p>\n\n\n\n<p class=\"has-medium-font-size\">A shorter version of this paper was published in <em>Ann. Sci. \u00c9c. Norm. Sup\u00e9r.<\/em>&nbsp;52 (2019), 515-559. <\/p>\n\n\n\n<hr class=\"wp-block-separator has-alpha-channel-opacity\"\/>\n\n\n\n<p class=\"has-medium-font-size\"><a href=\"https:\/\/arxiv.org\/pdf\/1906.08703\">A note on Christol &#8216;s Theorem<\/a>,&nbsp;&nbsp;<br>with R. Yassawi.&nbsp;<br>Preprint 2019, arXiv:1906.08703 [math.NT], 14 pp. <\/p>\n\n\n\n<p class=\"has-medium-font-size\">Not intended for publication.<\/p>\n\n\n\n<hr class=\"wp-block-separator has-alpha-channel-opacity\"\/>\n\n\n\n<p class=\"has-medium-font-size\"><a href=\"https:\/\/arxiv.org\/pdf\/1809.04823\">Mahler&#8217;s method in several variables I: The theory of regular singular systems<\/a> and <a href=\"https:\/\/arxiv.org\/pdf\/1809.04826\">Mahler&#8217;s method in several variables II: Applications to base change problems and finite automata<\/a>, <br>with Colin Faverjon. <\/p>\n\n\n\n<p class=\"has-medium-font-size\">Preprint 2018, arXiv:1809.04823 [math.NT] and arXiv:1809.04826 [math.NT]<small>.<\/small><\/p>\n\n\n\n<p class=\"has-medium-font-size\">Superseeded by arXiv:2012.08283 [math.NT] and <a href=\"https:\/\/arxiv.org\/abs\/2407.18578\">arXiv:2407.18578<\/a>&nbsp;[math.CO], to appear in <em>Annals of Math<\/em>.<\/p>\n\n\n\n<hr class=\"wp-block-separator has-alpha-channel-opacity\"\/>\n\n\n\n<p class=\"has-medium-font-size\"><a href=\"http:\/\/adamczewski.perso.math.cnrs.fr\/MesTransI.pdf\">Mesures de transcendance et aspects quantitatifs de la m\u00e9thode de Thue-Siegel-Roth-Schmid<\/a>t,&nbsp;<br>avec Y. Bugeaud, septembre 2007, 54 pp.<\/p>\n\n\n\n<p class=\"has-medium-font-size\">The corresponding results were split into two papers, published respectively in&nbsp;<em>Proc. London Math. Soc.<\/em>&nbsp;101 (2010), 1\u201331, and&nbsp;<em>J. Reine Angew. Math.<\/em>&nbsp;658 (2011), 65\u201398.<\/p>\n\n\n\n<hr class=\"wp-block-separator has-alpha-channel-opacity\"\/>\n\n\n\n<p class=\"has-medium-font-size\"><a href=\"http:\/\/adamczewski.perso.math.cnrs.fr\/Adamczewski_Faverjon_longue.pdf\">Chiffres non nuls dans le d\u00e9veloppement en base enti\u00e8re des nombres alg\u00e9briques irrationnels<\/a>,&nbsp;<br>avec C. Faverjon, 2010, 17 pages.&nbsp;<\/p>\n\n\n\n<p class=\"has-medium-font-size\">A shorter version was published in <em>C. R. Acad. Sci. Paris<\/em>, 350 (2012), 1&#8211;4.<\/p>\n\n\n\n<hr class=\"wp-block-separator has-alpha-channel-opacity\"\/>\n","protected":false},"excerpt":{"rendered":"<p>Algebraic independence measures for values of E-functions and M-functions,&nbsp;&nbsp;with C. Faverjon.&nbsp;Preprint 2025, arXiv:2502.09999 [math.NT], 30 pp.&nbsp; A sharper multivariate Christol theorem with applications to diagonals and Hadamard products,&nbsp;with A. Bostan and X. Caruso.&nbsp;Preprint 2023, arXiv:2306.02640 [math.NT], 33 pp. A shorter version has been submitted for publication. Algebraic independence of G-functions and congruences &#8220;\u00e0 la Lucas&#8221;,&nbsp;with [&hellip;]<\/p>\n","protected":false},"author":1,"featured_media":0,"parent":0,"menu_order":0,"comment_status":"closed","ping_status":"closed","template":"","meta":{"footnotes":""},"class_list":["post-96","page","type-page","status-publish","hentry"],"_links":{"self":[{"href":"https:\/\/boris-adamczewski.perso.math.cnrs.fr\/index.php?rest_route=\/wp\/v2\/pages\/96","targetHints":{"allow":["GET"]}}],"collection":[{"href":"https:\/\/boris-adamczewski.perso.math.cnrs.fr\/index.php?rest_route=\/wp\/v2\/pages"}],"about":[{"href":"https:\/\/boris-adamczewski.perso.math.cnrs.fr\/index.php?rest_route=\/wp\/v2\/types\/page"}],"author":[{"embeddable":true,"href":"https:\/\/boris-adamczewski.perso.math.cnrs.fr\/index.php?rest_route=\/wp\/v2\/users\/1"}],"replies":[{"embeddable":true,"href":"https:\/\/boris-adamczewski.perso.math.cnrs.fr\/index.php?rest_route=%2Fwp%2Fv2%2Fcomments&post=96"}],"version-history":[{"count":10,"href":"https:\/\/boris-adamczewski.perso.math.cnrs.fr\/index.php?rest_route=\/wp\/v2\/pages\/96\/revisions"}],"predecessor-version":[{"id":425,"href":"https:\/\/boris-adamczewski.perso.math.cnrs.fr\/index.php?rest_route=\/wp\/v2\/pages\/96\/revisions\/425"}],"wp:attachment":[{"href":"https:\/\/boris-adamczewski.perso.math.cnrs.fr\/index.php?rest_route=%2Fwp%2Fv2%2Fmedia&parent=96"}],"curies":[{"name":"wp","href":"https:\/\/api.w.org\/{rel}","templated":true}]}}